{"id":604,"date":"2018-06-23T06:28:06","date_gmt":"2018-06-23T06:28:06","guid":{"rendered":"https:\/\/lorenzoduran.com\/publications\/"},"modified":"2023-10-28T07:22:17","modified_gmt":"2023-10-28T07:22:17","slug":"publications","status":"publish","type":"page","link":"https:\/\/lorenzoduran.com\/en\/publications\/","title":{"rendered":"Publications"},"content":{"rendered":"<h2>BOOKS<\/h2>\n<hr \/>\n<ul>\n<li>Aza\u00f1a, Ministerio de Cultura 1991<\/li>\n<li>Tr\u00e1nsito 1988-1991, Diego Moya 1991<\/li>\n<li>\u00a0Im\u00e1genes de un coloso. El mar en la pintura espa\u00f1ola, Ministerio de Cultura 1993<\/li>\n<li>Gerardo Diego y la Poes\u00eda Espa\u00f1ola del S.XX, Biblioteca Nacional 1996<\/li>\n<li>\u00a0Manuel Bret\u00f3n de los Herreros 1796-1996, Biblioteca Nacional 1996<\/li>\n<li>\u00a0La Biblioteca Nacional, Biblioteca Nacional 1996<\/li>\n<li>El Sue\u00f1o de Ultramar, Biblioteca Nacional 1998<\/li>\n<li>Jovellanos, Ministro de Gracia y Justicia, Fundaci\u00f3n La Caixa 1998<\/li>\n<li>Felipe II en la Biblioteca Nacional, Biblioteca Nacional 1998<\/li>\n<li>Memoria Anual, Grupo Pinar 2001<\/li>\n<li>Informe Anual, Telef\u00f3nica Publicidad e Informaci\u00f3n 2001<\/li>\n<li>Memoria Anual, OMEL \u2013 Operador del Mercado El\u00e9ctrico 2003<\/li>\n<li>\u00a0Gu\u00edas Gastron\u00f3micas, Telef\u00f3nica Publicidad e Informaci\u00f3n 2003<\/li>\n<li>Informe Anual, Grupo Mahou San Miguel 2004<\/li>\n<li>Informe Medioambiental, Grupo Mahou San Miguel 2004<\/li>\n<li>Aprende a Cocinar en Familia \u2013 50 Recetas de la Dieta &#8211; Mediterr\u00e1nea, Argis Congress \u2013 Ministrerio de Agricultura \u2013 -Fundaci\u00f3n Dieta Mediterr\u00e1nea 2006<\/li>\n<li>Canned Tuna, A Food to Enjoy, Interat\u00fan 2007<\/li>\n<\/ul>\n<h2>MAGAZINES<\/h2>\n<hr \/>\n<p style=\"padding-left: 30px;\">Entrepeneur (Japan), \u00danica (Spain), Par\u00eds Match (Spain), Grupo Pinar (Spain), Live in Spain (Spain), Ballesol (Spain), Info Express (Spain), Axia (Spain), Pr\u00f3xima Parada (C.C. Plaza de la Estaci\u00f3n), Plaza (C.C. Plaza de Aluche), Alfares (C.C. Los Alfares), Las Rosas (C.C. Las Rosas), Plaza Norte 2 (C.C. Plaza Norte 2 \u201cLa C\u00fapula\u201d), El Ferial (C.C. Ferial de Parla)<\/p>\n","protected":false},"excerpt":{"rendered":"<p>BOOKS Aza\u00f1a, Ministerio de Cultura 1991 Tr\u00e1nsito 1988-1991, Diego Moya 1991 \u00a0Im\u00e1genes de un coloso. El mar en la pintura espa\u00f1ola, Ministerio de Cultura 1993 Gerardo Diego y la Poes\u00eda Espa\u00f1ola del S.XX, Biblioteca Nacional 1996 \u00a0Manuel Bret\u00f3n de los Herreros 1796-1996, Biblioteca Nacional 1996 \u00a0La Biblioteca Nacional, Biblioteca Nacional 1996 El Sue\u00f1o de Ultramar,&#8230;<\/p>\n","protected":false},"author":1,"featured_media":772,"parent":0,"menu_order":0,"comment_status":"closed","ping_status":"closed","template":"","meta":{"footnotes":""},"class_list":["post-604","page","type-page","status-publish","has-post-thumbnail","hentry"],"yoast_head":"<!-- This site is optimized with the Yoast SEO plugin v27.3 - https:\/\/yoast.com\/product\/yoast-seo-wordpress\/ -->\n<title>Publications - lorenzodur\u00e1n<\/title>\n<meta name=\"robots\" content=\"index, follow, max-snippet:-1, max-image-preview:large, max-video-preview:-1\" \/>\n<link rel=\"canonical\" href=\"https:\/\/lorenzoduran.com\/en\/publications\/\" \/>\n<meta property=\"og:locale\" content=\"en_US\" \/>\n<meta property=\"og:type\" content=\"article\" \/>\n<meta property=\"og:title\" content=\"Publications - lorenzodur\u00e1n\" \/>\n<meta property=\"og:description\" content=\"BOOKS Aza\u00f1a, Ministerio de Cultura 1991 Tr\u00e1nsito 1988-1991, Diego Moya 1991 \u00a0Im\u00e1genes de un coloso. El mar en la pintura espa\u00f1ola, Ministerio de Cultura 1993 Gerardo Diego y la Poes\u00eda Espa\u00f1ola del S.XX, Biblioteca Nacional 1996 \u00a0Manuel Bret\u00f3n de los Herreros 1796-1996, Biblioteca Nacional 1996 \u00a0La Biblioteca Nacional, Biblioteca Nacional 1996 El Sue\u00f1o de Ultramar,...\" \/>\n<meta property=\"og:url\" content=\"https:\/\/lorenzoduran.com\/en\/publications\/\" \/>\n<meta property=\"og:site_name\" content=\"lorenzodur\u00e1n\" \/>\n<meta property=\"article:publisher\" content=\"https:\/\/www.facebook.com\/lorenzo.duran.73\" \/>\n<meta property=\"article:modified_time\" content=\"2023-10-28T07:22:17+00:00\" \/>\n<meta property=\"og:image\" content=\"https:\/\/lorenzoduran.com\/wp-content\/uploads\/2018\/06\/PUBLICACIONES_FOTO.jpg\" \/>\n\t<meta property=\"og:image:width\" content=\"1400\" \/>\n\t<meta property=\"og:image:height\" content=\"311\" \/>\n\t<meta property=\"og:image:type\" content=\"image\/jpeg\" \/>\n<meta name=\"twitter:card\" content=\"summary_large_image\" \/>\n<meta name=\"twitter:label1\" content=\"Est. reading time\" \/>\n\t<meta name=\"twitter:data1\" content=\"1 minute\" \/>\n<script type=\"application\/ld+json\" class=\"yoast-schema-graph\">{\"@context\":\"https:\\\/\\\/schema.org\",\"@graph\":[{\"@type\":\"WebPage\",\"@id\":\"https:\\\/\\\/lorenzoduran.com\\\/en\\\/publications\\\/\",\"url\":\"https:\\\/\\\/lorenzoduran.com\\\/en\\\/publications\\\/\",\"name\":\"Publications - lorenzodur\u00e1n\",\"isPartOf\":{\"@id\":\"https:\\\/\\\/lorenzoduran.com\\\/#website\"},\"primaryImageOfPage\":{\"@id\":\"https:\\\/\\\/lorenzoduran.com\\\/en\\\/publications\\\/#primaryimage\"},\"image\":{\"@id\":\"https:\\\/\\\/lorenzoduran.com\\\/en\\\/publications\\\/#primaryimage\"},\"thumbnailUrl\":\"https:\\\/\\\/lorenzoduran.com\\\/wp-content\\\/uploads\\\/2018\\\/06\\\/PUBLICACIONES_FOTO.jpg\",\"datePublished\":\"2018-06-23T06:28:06+00:00\",\"dateModified\":\"2023-10-28T07:22:17+00:00\",\"breadcrumb\":{\"@id\":\"https:\\\/\\\/lorenzoduran.com\\\/en\\\/publications\\\/#breadcrumb\"},\"inLanguage\":\"en-US\",\"potentialAction\":[{\"@type\":\"ReadAction\",\"target\":[\"https:\\\/\\\/lorenzoduran.com\\\/en\\\/publications\\\/\"]}]},{\"@type\":\"ImageObject\",\"inLanguage\":\"en-US\",\"@id\":\"https:\\\/\\\/lorenzoduran.com\\\/en\\\/publications\\\/#primaryimage\",\"url\":\"https:\\\/\\\/lorenzoduran.com\\\/wp-content\\\/uploads\\\/2018\\\/06\\\/PUBLICACIONES_FOTO.jpg\",\"contentUrl\":\"https:\\\/\\\/lorenzoduran.com\\\/wp-content\\\/uploads\\\/2018\\\/06\\\/PUBLICACIONES_FOTO.jpg\",\"width\":1400,\"height\":311},{\"@type\":\"BreadcrumbList\",\"@id\":\"https:\\\/\\\/lorenzoduran.com\\\/en\\\/publications\\\/#breadcrumb\",\"itemListElement\":[{\"@type\":\"ListItem\",\"position\":1,\"name\":\"Portada\",\"item\":\"https:\\\/\\\/lorenzoduran.com\\\/en\\\/home\\\/\"},{\"@type\":\"ListItem\",\"position\":2,\"name\":\"Publications\"}]},{\"@type\":\"WebSite\",\"@id\":\"https:\\\/\\\/lorenzoduran.com\\\/#website\",\"url\":\"https:\\\/\\\/lorenzoduran.com\\\/\",\"name\":\"lorenzodur\u00e1n\",\"description\":\"Fotografo\",\"potentialAction\":[{\"@type\":\"SearchAction\",\"target\":{\"@type\":\"EntryPoint\",\"urlTemplate\":\"https:\\\/\\\/lorenzoduran.com\\\/?s={search_term_string}\"},\"query-input\":{\"@type\":\"PropertyValueSpecification\",\"valueRequired\":true,\"valueName\":\"search_term_string\"}}],\"inLanguage\":\"en-US\"}]}<\/script>\n<!-- \/ Yoast SEO plugin. -->","yoast_head_json":{"title":"Publications - lorenzodur\u00e1n","robots":{"index":"index","follow":"follow","max-snippet":"max-snippet:-1","max-image-preview":"max-image-preview:large","max-video-preview":"max-video-preview:-1"},"canonical":"https:\/\/lorenzoduran.com\/en\/publications\/","og_locale":"en_US","og_type":"article","og_title":"Publications - lorenzodur\u00e1n","og_description":"BOOKS Aza\u00f1a, Ministerio de Cultura 1991 Tr\u00e1nsito 1988-1991, Diego Moya 1991 \u00a0Im\u00e1genes de un coloso. El mar en la pintura espa\u00f1ola, Ministerio de Cultura 1993 Gerardo Diego y la Poes\u00eda Espa\u00f1ola del S.XX, Biblioteca Nacional 1996 \u00a0Manuel Bret\u00f3n de los Herreros 1796-1996, Biblioteca Nacional 1996 \u00a0La Biblioteca Nacional, Biblioteca Nacional 1996 El Sue\u00f1o de Ultramar,...","og_url":"https:\/\/lorenzoduran.com\/en\/publications\/","og_site_name":"lorenzodur\u00e1n","article_publisher":"https:\/\/www.facebook.com\/lorenzo.duran.73","article_modified_time":"2023-10-28T07:22:17+00:00","og_image":[{"width":1400,"height":311,"url":"https:\/\/lorenzoduran.com\/wp-content\/uploads\/2018\/06\/PUBLICACIONES_FOTO.jpg","type":"image\/jpeg"}],"twitter_card":"summary_large_image","twitter_misc":{"Est. reading time":"1 minute"},"schema":{"@context":"https:\/\/schema.org","@graph":[{"@type":"WebPage","@id":"https:\/\/lorenzoduran.com\/en\/publications\/","url":"https:\/\/lorenzoduran.com\/en\/publications\/","name":"Publications - lorenzodur\u00e1n","isPartOf":{"@id":"https:\/\/lorenzoduran.com\/#website"},"primaryImageOfPage":{"@id":"https:\/\/lorenzoduran.com\/en\/publications\/#primaryimage"},"image":{"@id":"https:\/\/lorenzoduran.com\/en\/publications\/#primaryimage"},"thumbnailUrl":"https:\/\/lorenzoduran.com\/wp-content\/uploads\/2018\/06\/PUBLICACIONES_FOTO.jpg","datePublished":"2018-06-23T06:28:06+00:00","dateModified":"2023-10-28T07:22:17+00:00","breadcrumb":{"@id":"https:\/\/lorenzoduran.com\/en\/publications\/#breadcrumb"},"inLanguage":"en-US","potentialAction":[{"@type":"ReadAction","target":["https:\/\/lorenzoduran.com\/en\/publications\/"]}]},{"@type":"ImageObject","inLanguage":"en-US","@id":"https:\/\/lorenzoduran.com\/en\/publications\/#primaryimage","url":"https:\/\/lorenzoduran.com\/wp-content\/uploads\/2018\/06\/PUBLICACIONES_FOTO.jpg","contentUrl":"https:\/\/lorenzoduran.com\/wp-content\/uploads\/2018\/06\/PUBLICACIONES_FOTO.jpg","width":1400,"height":311},{"@type":"BreadcrumbList","@id":"https:\/\/lorenzoduran.com\/en\/publications\/#breadcrumb","itemListElement":[{"@type":"ListItem","position":1,"name":"Portada","item":"https:\/\/lorenzoduran.com\/en\/home\/"},{"@type":"ListItem","position":2,"name":"Publications"}]},{"@type":"WebSite","@id":"https:\/\/lorenzoduran.com\/#website","url":"https:\/\/lorenzoduran.com\/","name":"lorenzodur\u00e1n","description":"Fotografo","potentialAction":[{"@type":"SearchAction","target":{"@type":"EntryPoint","urlTemplate":"https:\/\/lorenzoduran.com\/?s={search_term_string}"},"query-input":{"@type":"PropertyValueSpecification","valueRequired":true,"valueName":"search_term_string"}}],"inLanguage":"en-US"}]}},"_links":{"self":[{"href":"https:\/\/lorenzoduran.com\/en\/wp-json\/wp\/v2\/pages\/604","targetHints":{"allow":["GET"]}}],"collection":[{"href":"https:\/\/lorenzoduran.com\/en\/wp-json\/wp\/v2\/pages"}],"about":[{"href":"https:\/\/lorenzoduran.com\/en\/wp-json\/wp\/v2\/types\/page"}],"author":[{"embeddable":true,"href":"https:\/\/lorenzoduran.com\/en\/wp-json\/wp\/v2\/users\/1"}],"replies":[{"embeddable":true,"href":"https:\/\/lorenzoduran.com\/en\/wp-json\/wp\/v2\/comments?post=604"}],"version-history":[{"count":4,"href":"https:\/\/lorenzoduran.com\/en\/wp-json\/wp\/v2\/pages\/604\/revisions"}],"predecessor-version":[{"id":1052,"href":"https:\/\/lorenzoduran.com\/en\/wp-json\/wp\/v2\/pages\/604\/revisions\/1052"}],"wp:featuredmedia":[{"embeddable":true,"href":"https:\/\/lorenzoduran.com\/en\/wp-json\/wp\/v2\/media\/772"}],"wp:attachment":[{"href":"https:\/\/lorenzoduran.com\/en\/wp-json\/wp\/v2\/media?parent=604"}],"curies":[{"name":"wp","href":"https:\/\/api.w.org\/{rel}","templated":true}]}}